{"id":9,"date":"2019-02-21T14:58:19","date_gmt":"2019-02-21T14:58:19","guid":{"rendered":"https:\/\/www.haave-outdoor.com\/?page_id=9"},"modified":"2025-06-02T10:39:30","modified_gmt":"2025-06-02T08:39:30","slug":"home","status":"publish","type":"page","link":"https:\/\/www.haave-outdoor.com\/de\/","title":{"rendered":"Startseite"},"content":{"rendered":"<p><div id=\"headerhome\" class=\"thz-section-holder section-notcontained none\" data-view-brightness=\"none\">\r\n\t<section class=\"thz-section\">\r\n\t\t<div class=\"thz-section-in\">\r\n\t\t\t\t\t<div class=\"thz-container content-contained thz-site-width\">\r\n\t\t\t\t\t\t\t<\/div>\r\n\t\t\t\t<\/div>\r\n\t\t\t\t<\/section>\r\n<\/div>\r\n<div id=\"thz-section-holder-s2f0ece39\" class=\"thz-section-holder section-notcontained none\" data-view-brightness=\"none\">\r\n\t<section class=\"thz-section\">\r\n\t\t<div class=\"thz-section-in\">\r\n\t\t\t\t\t<div class=\"thz-container content-contained thz-site-width\">\r\n\t\t\t\t<div class=\"thz-row\">\r\n\t<div id=\"thz-column-cdbdc9a0b\" class=\"thz-column thz-col-1 fstart\">\r\n\t<div class=\"thz-column-container\">\r\n        <div class=\"thz-column-in\">\r\n                        <div class=\"thz-column-shortcodes\">\t\r\n                <div id=\"thz-sh-a4fa9344\" class=\"thz-shc thz-heading thz-sh-a4fa9344 thz-sh-plain thz-sh-pos-both\">\r\n\t<div class=\"thz-heading-holder\">\r\n\t\t\t\t<div class=\"thz-sh-sub\">Haave<\/div><h1 class=\"thz-heading-title\">Outdoor-K\u00fcchen<\/h1>\t\t\t<\/div>\r\n<\/div><div class=\"thz-btn-center-wrap\"><div class=\"thz-btn-container thz-custom-btn-squared ctm-btn thz-mt-22 thz-btn-flat\"><a class=\"thz-button thz-btn-trans thz-radius-0 thz-align-center\" href=\"\/de\/kontakt\/\"><span class=\"thz-btn-text thz-vp-16 thz-hp-55 thz-fs-17 thz-fw-500\">Kontakt<\/span><span class=\"thz-btn-gradient-overlay thz-btn-ga-toleft\"><\/span><\/a><\/div><\/div>            <\/div>\r\n                                            <\/div>\r\n    <\/div>\r\n<\/div><\/div>\t\t\t<\/div>\r\n\t\t\t\t<\/div>\r\n\t\t\t\t<\/section>\r\n<\/div>\r\n<div id=\"thz-section-holder-s10956331\" class=\"full_width_cols thz-section-holder section-notcontained none\" data-view-brightness=\"none\">\r\n\t<section class=\"thz-section thz-flex-section-eh\">\r\n\t\t<div class=\"thz-section-in\">\r\n\t\t\t\t\t<div class=\"thz-container content-notcontained\">\r\n\t\t\t\t<div class=\"thz-row\">\r\n\t<div id=\"thz-column-c44db9941\" class=\"order-two thz-column thz-col-1-2 fcenter\">\r\n\t<div class=\"thz-column-container\">\r\n        <div class=\"thz-column-in\">\r\n                        <div class=\"thz-column-shortcodes\">\t\r\n                <div id=\"thz-sh-a5a9b8c5\" class=\"thz-shc thz-heading thz-sh-a5a9b8c5 thz-sh-plain thz-sh-pos-both\">\r\n\t<div class=\"thz-heading-holder\">\r\n\t\t\t\t<h2 class=\"thz-heading-title\">Erweitertes Wohnzimmer<\/h2>\t\t\t<\/div>\r\n<\/div><div id=\"thz-text-block-4de99708\" class=\"thz-shc thz-text-block\"><p>Egal wie das Wetter ist, sobald die Sonne durchbricht, wollen wir nach drau\u00dfen. Wir verbringen das ganze Jahr \u00fcber gerne viel Zeit in unseren G\u00e4rten. Wir nutzen den Platz im Freien, um Zeit mit Freunden und der Familie zu verbringen, um zu kochen, zu essen und lange Abende gemeinsam zu verbringen. Haave unterst\u00fctzt dies mit einer unverwechselbaren K\u00fcche, die mit viel Liebe zum Detail hergestellt wurde.<\/p><\/div><div class=\"thz-btn-container thz-custom-btn-arrowed ctm-btn thz-btn-icon-boxed-left thz-mt-24\"><a class=\"thz-button thz-btn-trans thz-radius-0 thz-align-left\" href=\"\/de\/ausenkuchen\/\"><span class=\"thz-btn-icon\"><i class=\"thzicon thzicon-arrow-right5 thz-ifw-0 thz-ngv-n2 thz-fs-16\"><\/i><\/span><span class=\"thz-btn-text thz-vp-0 thz-hp-0 thz-fs-16 thz-fw-500\">Weitere Informationen<\/span><\/a><\/div>            <\/div>\r\n                                            <\/div>\r\n    <\/div>\r\n<\/div><div id=\"thz-column-ccdc1f679\" class=\"order-one thz-column thz-col-1-2 fstart\">\r\n\t<div class=\"thz-column-container\">\r\n        <div class=\"thz-column-in\">\r\n                        <div class=\"thz-column-shortcodes\">\t\r\n                            <\/div>\r\n                                            <\/div>\r\n    <\/div>\r\n<\/div><\/div>\t\t\t<\/div>\r\n\t\t\t\t<\/div>\r\n\t\t\t\t<\/section>\r\n<\/div>\r\n<div id=\"thz-section-holder-s27d0996f\" class=\"full_width_cols thz-section-holder section-notcontained none\" data-view-brightness=\"none\">\r\n\t<section class=\"thz-section thz-flex-section-eh\">\r\n\t\t<div class=\"thz-section-in\">\r\n\t\t\t\t\t<div class=\"thz-container content-notcontained\">\r\n\t\t\t\t<div class=\"thz-row\">\r\n\t<div id=\"thz-column-cc303488e\" class=\"order-one thz-column thz-col-1-2 fstart\">\r\n\t<div class=\"thz-column-container\">\r\n        <div class=\"thz-column-in\">\r\n                        <div class=\"thz-column-shortcodes\">\t\r\n                            <\/div>\r\n                                            <\/div>\r\n    <\/div>\r\n<\/div><div id=\"thz-column-c109124ca\" class=\"order-two thz-column thz-col-1-2 fcenter\">\r\n\t<div class=\"thz-column-container\">\r\n        <div class=\"thz-column-in\">\r\n                        <div class=\"thz-column-shortcodes\">\t\r\n                <div id=\"thz-sh-7a59599a\" class=\"thz-shc thz-heading thz-sh-7a59599a thz-sh-plain thz-sh-pos-both\">\r\n\t<div class=\"thz-heading-holder\">\r\n\t\t\t\t<h2 class=\"thz-heading-title\">Eigenschaften<\/h2>\t\t\t<\/div>\r\n<\/div><div id=\"thz-text-block-8859007c\" class=\"thz-shc thz-text-block\"><p>Sie k\u00f6nnen Ihre Au\u00dfenk\u00fcche genau nach Ihren Bed\u00fcrfnissen konfigurieren.  Ob Sie eine offene Modellk\u00fcche oder eine K\u00fcche mit mehr Stauraum, Schubladen und T\u00fcren w\u00fcnschen. Alle Konfigurationen sind m\u00f6glich, wir bieten auch verschiedene Arten von Grills, einen K\u00fchlschrank und Sp\u00fcle mit Wasserhahn. Mit einer breiten Palette von Arbeitsplatten, geeignet f\u00fcr den Einsatz im Freien.<\/p><\/div><div class=\"thz-btn-container thz-custom-btn-arrowed ctm-btn thz-btn-icon-boxed-left thz-mt-24\"><a class=\"thz-button thz-btn-trans thz-radius-0 thz-align-left\" href=\"\/de\/merkmale\/\"><span class=\"thz-btn-icon\"><i class=\"thzicon thzicon-arrow-right5 thz-ifw-0 thz-ngv-n2 thz-fs-16\"><\/i><\/span><span class=\"thz-btn-text thz-vp-0 thz-hp-0 thz-fs-16 thz-fw-500\">Weitere Informationen<\/span><\/a><\/div>            <\/div>\r\n                                            <\/div>\r\n    <\/div>\r\n<\/div><\/div>\t\t\t<\/div>\r\n\t\t\t\t<\/div>\r\n\t\t\t\t<\/section>\r\n<\/div>\r\n<div id=\"thz-section-holder-sd39ff5ca\" class=\"full_width_cols thz-section-holder section-notcontained none\" data-view-brightness=\"none\">\r\n\t<section class=\"thz-section thz-flex-section-eh\">\r\n\t\t<div class=\"thz-section-in\">\r\n\t\t\t\t\t<div class=\"thz-container content-notcontained\">\r\n\t\t\t\t<div class=\"thz-row\">\r\n\t<div id=\"thz-column-c7f06b52e\" class=\"order-two thz-column thz-col-1-2 fcenter\">\r\n\t<div class=\"thz-column-container\">\r\n        <div class=\"thz-column-in\">\r\n                        <div class=\"thz-column-shortcodes\">\t\r\n                <div id=\"thz-sh-0e2bff7b\" class=\"thz-shc thz-heading thz-sh-0e2bff7b thz-sh-plain thz-sh-pos-both\">\r\n\t<div class=\"thz-heading-holder\">\r\n\t\t\t\t<h2 class=\"thz-heading-title\">Kontakt<\/h2>\t\t\t<\/div>\r\n<\/div><div id=\"thz-text-block-a87fa937\" class=\"thz-shc thz-text-block\"><p>Wenn Sie Informationen ben\u00f6tigen oder Fragen haben, z\u00f6gern Sie nicht, uns zu kontaktieren.<\/p><\/div><div class=\"thz-btn-container thz-custom-btn-arrowed ctm-btn thz-btn-icon-boxed-left thz-mt-24\"><a class=\"thz-button thz-btn-trans thz-radius-0 thz-align-left\" href=\"\/de\/kontakt\/\"><span class=\"thz-btn-icon\"><i class=\"thzicon thzicon-arrow-right5 thz-ifw-0 thz-ngv-n2 thz-fs-16\"><\/i><\/span><span class=\"thz-btn-text thz-vp-0 thz-hp-0 thz-fs-16 thz-fw-500\">Kontakt<\/span><\/a><\/div>            <\/div>\r\n                                            <\/div>\r\n    <\/div>\r\n<\/div><div id=\"thz-column-cd727740d\" class=\"order-one thz-column thz-col-1-2 fstart\">\r\n\t<div class=\"thz-column-container\">\r\n        <div class=\"thz-column-in\">\r\n                        <div class=\"thz-column-shortcodes\">\t\r\n                            <\/div>\r\n                                            <\/div>\r\n    <\/div>\r\n<\/div><\/div>\t\t\t<\/div>\r\n\t\t\t\t<\/div>\r\n\t\t\t\t<\/section>\r\n<\/div>\r\n<\/p>","protected":false},"excerpt":{"rendered":"<p>HaaveOutdoor Kitchens Contact us Extended Livingroom Egal wie das Wetter ist, sobald die Sonne durchbricht, wollen wir nach drau\u00dfen. Wir verbringen das ganze Jahr \u00fcber gerne Zeit im Freien in unseren G\u00e4rten. Wir nutzen den Platz im Freien, um Zeit mit Freunden und Familie zu verbringen, zu kochen, zu essen und lange Abende gemeinsam zu genie\u00dfen. Haave unterst\u00fctzt dies mit einer au\u00dfergew\u00f6hnlichen K\u00fcche, die mit viel Liebe zum Detail gefertigt wurde.Weitere Informationen Funktionen Sie k\u00f6nnen Ihre Outdoor-K\u00fcche genau nach Ihren Bed\u00fcrfnissen konfigurieren.  Ob Sie eine offene Modellk\u00fcche oder eine K\u00fcche mit mehr Stauraum, Schubladen und T\u00fcren w\u00fcnschen. Alle Konfigurationen sind m\u00f6glich, wir bieten auch verschiedene Arten von Grills, einen K\u00fchlschrank und eine Sp\u00fcle mit Wasserhahn. Weitere Informationen Kontakt Wenn Sie Informationen ben\u00f6tigen oder Fragen haben, z\u00f6gern Sie nicht, uns zu kontaktieren.Contact us<\/p>","protected":false},"author":1,"featured_media":1737,"parent":0,"menu_order":0,"comment_status":"closed","ping_status":"closed","template":"template-parts\/page-builder.php","meta":{"inline_featured_image":false},"tags":[],"yoast_head":"<!-- This site is optimized with the Yoast SEO plugin v17.0 - https:\/\/yoast.com\/wordpress\/plugins\/seo\/ -->\n<title>Home - Haave<\/title>\n<meta name=\"robots\" content=\"index, follow, max-snippet:-1, max-image-preview:large, max-video-preview:-1\" \/>\n<link rel=\"canonical\" href=\"https:\/\/www.haave-outdoor.com\/de\/\" \/>\n<meta property=\"og:locale\" content=\"de_DE\" \/>\n<meta property=\"og:type\" content=\"article\" \/>\n<meta property=\"og:title\" content=\"Home - Haave\" \/>\n<meta property=\"og:description\" content=\"HaaveOutdoor Kitchens Contact us Extended Livingroom No matter the weather; as the sun breaks through we want to go outside. We like to spend quality time outdoors in our gardens year round. We use the outdoor space to spend time with friends and family, to prepare, cook and enjoy diners and long evenings together. This is supported by Haave with a distinguishing kitchen made with attention to detail.More information Features You can configure your outdoor kitchen to your exact needs.\u00a0 Whether you like an open model kitchen or a kitchen with more storage space, drawers and door. All configurations are possible, we also provide different kinds of barbeques, a refrigerator and sink with water tap. Finishing with a wide range of countertops , suitable for outdoor usage.More information Contact If you require information or have some questions don&#039;t hesitate to contact us.Contact us\" \/>\n<meta property=\"og:url\" content=\"https:\/\/www.haave-outdoor.com\/de\/\" \/>\n<meta property=\"og:site_name\" content=\"Haave\" \/>\n<meta property=\"article:modified_time\" content=\"2025-06-02T08:39:30+00:00\" \/>\n<meta property=\"og:image\" content=\"https:\/\/www.haave-outdoor.com\/wp-content\/uploads\/2025\/04\/Haave-home-outdoor-kitchen-scaled.jpg\" \/>\n\t<meta property=\"og:image:width\" content=\"2048\" \/>\n\t<meta property=\"og:image:height\" content=\"983\" \/>\n<meta name=\"twitter:card\" content=\"summary_large_image\" \/>\n<meta name=\"twitter:label1\" content=\"Gesch\u00e4tzte Lesezeit\" \/>\n\t<meta name=\"twitter:data1\" content=\"1\u00a0Minute\" \/>\n<script type=\"application\/ld+json\" class=\"yoast-schema-graph\">{\"@context\":\"https:\/\/schema.org\",\"@graph\":[{\"@type\":\"WebSite\",\"@id\":\"https:\/\/www.haave-outdoor.com\/#website\",\"url\":\"https:\/\/www.haave-outdoor.com\/\",\"name\":\"Haave\",\"description\":\"Outdoor Kitchens\",\"potentialAction\":[{\"@type\":\"SearchAction\",\"target\":{\"@type\":\"EntryPoint\",\"urlTemplate\":\"https:\/\/www.haave-outdoor.com\/?s={search_term_string}\"},\"query-input\":\"required name=search_term_string\"}],\"inLanguage\":\"de\"},{\"@type\":\"ImageObject\",\"@id\":\"https:\/\/www.haave-outdoor.com\/#primaryimage\",\"inLanguage\":\"de\",\"url\":\"https:\/\/www.haave-outdoor.com\/wp-content\/uploads\/2025\/04\/Haave-home-outdoor-kitchen-scaled.jpg\",\"contentUrl\":\"https:\/\/www.haave-outdoor.com\/wp-content\/uploads\/2025\/04\/Haave-home-outdoor-kitchen-scaled.jpg\",\"width\":2535,\"height\":1217},{\"@type\":\"WebPage\",\"@id\":\"https:\/\/www.haave-outdoor.com\/#webpage\",\"url\":\"https:\/\/www.haave-outdoor.com\/\",\"name\":\"Home - Haave\",\"isPartOf\":{\"@id\":\"https:\/\/www.haave-outdoor.com\/#website\"},\"primaryImageOfPage\":{\"@id\":\"https:\/\/www.haave-outdoor.com\/#primaryimage\"},\"datePublished\":\"2019-02-21T14:58:19+00:00\",\"dateModified\":\"2025-06-02T08:39:30+00:00\",\"breadcrumb\":{\"@id\":\"https:\/\/www.haave-outdoor.com\/#breadcrumb\"},\"inLanguage\":\"de\",\"potentialAction\":[{\"@type\":\"ReadAction\",\"target\":[\"https:\/\/www.haave-outdoor.com\/\"]}]},{\"@type\":\"BreadcrumbList\",\"@id\":\"https:\/\/www.haave-outdoor.com\/#breadcrumb\",\"itemListElement\":[{\"@type\":\"ListItem\",\"position\":1,\"name\":\"Home\",\"item\":\"https:\/\/www.haave-outdoor.com\/\"},{\"@type\":\"ListItem\",\"position\":2,\"name\":\"Home\"}]}]}<\/script>\n<!-- \/ Yoast SEO plugin. -->","yoast_head_json":{"title":"Startseite - Haave","robots":{"index":"index","follow":"follow","max-snippet":"max-snippet:-1","max-image-preview":"max-image-preview:large","max-video-preview":"max-video-preview:-1"},"canonical":"https:\/\/www.haave-outdoor.com\/de\/","og_locale":"de_DE","og_type":"article","og_title":"Home - Haave","og_description":"HaaveOutdoor Kitchens Contact us Extended Livingroom No matter the weather; as the sun breaks through we want to go outside. We like to spend quality time outdoors in our gardens year round. We use the outdoor space to spend time with friends and family, to prepare, cook and enjoy diners and long evenings together. This is supported by Haave with a distinguishing kitchen made with attention to detail.More information Features You can configure your outdoor kitchen to your exact needs.\u00a0 Whether you like an open model kitchen or a kitchen with more storage space, drawers and door. All configurations are possible, we also provide different kinds of barbeques, a refrigerator and sink with water tap. Finishing with a wide range of countertops , suitable for outdoor usage.More information Contact If you require information or have some questions don't hesitate to contact us.Contact us","og_url":"https:\/\/www.haave-outdoor.com\/de\/","og_site_name":"Haave","article_modified_time":"2025-06-02T08:39:30+00:00","og_image":[{"width":2048,"height":983,"url":"https:\/\/www.haave-outdoor.com\/wp-content\/uploads\/2025\/04\/Haave-home-outdoor-kitchen-scaled.jpg","path":"\/home\/peterkok\/domains\/haave-outdoor.com\/public_html\/wp-content\/uploads\/2025\/04\/Haave-home-outdoor-kitchen-scaled.jpg","size":"full","id":1737,"alt":"","pixels":2013184,"type":"image\/jpeg"}],"twitter_card":"summary_large_image","twitter_misc":{"Gesch\u00e4tzte Lesezeit":"1\u00a0Minute"},"schema":{"@context":"https:\/\/schema.org","@graph":[{"@type":"WebSite","@id":"https:\/\/www.haave-outdoor.com\/#website","url":"https:\/\/www.haave-outdoor.com\/","name":"Haave","description":"Outdoor-K\u00fcchen","potentialAction":[{"@type":"SearchAction","target":{"@type":"EntryPoint","urlTemplate":"https:\/\/www.haave-outdoor.com\/?s={search_term_string}"},"query-input":"required name=search_term_string"}],"inLanguage":"de"},{"@type":"ImageObject","@id":"https:\/\/www.haave-outdoor.com\/#primaryimage","inLanguage":"de","url":"https:\/\/www.haave-outdoor.com\/wp-content\/uploads\/2025\/04\/Haave-home-outdoor-kitchen-scaled.jpg","contentUrl":"https:\/\/www.haave-outdoor.com\/wp-content\/uploads\/2025\/04\/Haave-home-outdoor-kitchen-scaled.jpg","width":2535,"height":1217},{"@type":"WebPage","@id":"https:\/\/www.haave-outdoor.com\/#webpage","url":"https:\/\/www.haave-outdoor.com\/","name":"Startseite - Haave","isPartOf":{"@id":"https:\/\/www.haave-outdoor.com\/#website"},"primaryImageOfPage":{"@id":"https:\/\/www.haave-outdoor.com\/#primaryimage"},"datePublished":"2019-02-21T14:58:19+00:00","dateModified":"2025-06-02T08:39:30+00:00","breadcrumb":{"@id":"https:\/\/www.haave-outdoor.com\/#breadcrumb"},"inLanguage":"de","potentialAction":[{"@type":"ReadAction","target":["https:\/\/www.haave-outdoor.com\/"]}]},{"@type":"BreadcrumbList","@id":"https:\/\/www.haave-outdoor.com\/#breadcrumb","itemListElement":[{"@type":"ListItem","position":1,"name":"Home","item":"https:\/\/www.haave-outdoor.com\/"},{"@type":"ListItem","position":2,"name":"Home"}]}]}},"_links":{"self":[{"href":"https:\/\/www.haave-outdoor.com\/de\/wp-json\/wp\/v2\/pages\/9"}],"collection":[{"href":"https:\/\/www.haave-outdoor.com\/de\/wp-json\/wp\/v2\/pages"}],"about":[{"href":"https:\/\/www.haave-outdoor.com\/de\/wp-json\/wp\/v2\/types\/page"}],"author":[{"embeddable":true,"href":"https:\/\/www.haave-outdoor.com\/de\/wp-json\/wp\/v2\/users\/1"}],"replies":[{"embeddable":true,"href":"https:\/\/www.haave-outdoor.com\/de\/wp-json\/wp\/v2\/comments?post=9"}],"version-history":[{"count":417,"href":"https:\/\/www.haave-outdoor.com\/de\/wp-json\/wp\/v2\/pages\/9\/revisions"}],"predecessor-version":[{"id":1866,"href":"https:\/\/www.haave-outdoor.com\/de\/wp-json\/wp\/v2\/pages\/9\/revisions\/1866"}],"wp:featuredmedia":[{"embeddable":true,"href":"https:\/\/www.haave-outdoor.com\/de\/wp-json\/wp\/v2\/media\/1737"}],"wp:attachment":[{"href":"https:\/\/www.haave-outdoor.com\/de\/wp-json\/wp\/v2\/media?parent=9"}],"wp:term":[{"taxonomy":"post_tag","embeddable":true,"href":"https:\/\/www.haave-outdoor.com\/de\/wp-json\/wp\/v2\/tags?post=9"}],"curies":[{"name":"wp","href":"https:\/\/api.w.org\/{rel}","templated":true}]}}