{"id":244,"date":"2019-03-26T11:17:15","date_gmt":"2019-03-26T10:17:15","guid":{"rendered":"https:\/\/www.haave-outdoor.com\/?page_id=244"},"modified":"2025-06-18T15:53:08","modified_gmt":"2025-06-18T13:53:08","slug":"merkmale","status":"publish","type":"page","link":"https:\/\/www.haave-outdoor.com\/de\/features\/","title":{"rendered":"Eigenschaften"},"content":{"rendered":"<p><div id=\"thz-section-holder-sb41947c5\" class=\"thz-section-holder section-notcontained none\" data-view-brightness=\"none\">\r\n\t<section class=\"thz-section\">\r\n\t\t<div class=\"thz-section-in\">\r\n\t\t\t\t<div class=\"thz-full-height\">\r\n\t\t\t<div class=\"thz-full-height-in thz-va-middle\">\r\n\t\t\t\t\t<div class=\"thz-container content-contained thz-site-width\">\r\n\t\t\t\t\t\t\t<\/div>\r\n\t\t\t\t\t<\/div>\r\n\t\t<\/div>\r\n\t\t\t\t<\/div>\r\n\t\t<div class=\"thz-bglayer-container\"><div id=\"thz-bglayer-de47b440\" class=\"thz-parallax thz-parallax-scroll thz-tablet-hidden thz-mobile-hidden\" data-thzplx-type=\"scroll\" data-thzplx-direction=\"down\" data-thzplx-velocity=\"3\" data-thzplx-size=\"default\" data-thzplx-scale=\"no\" data-thzplx-onmobile=\"0\"><\/div><div id=\"thz-bglayer-4c29be29\" class=\"thz-parallax thz-parallax-scroll thz-desktop-hidden\" data-thzplx-type=\"scroll\" data-thzplx-direction=\"down\" data-thzplx-velocity=\"3\" data-thzplx-size=\"default\" data-thzplx-scale=\"no\" data-thzplx-onmobile=\"0\"><\/div><\/div>\t\t<\/section>\r\n<\/div>\r\n<div id=\"thz-section-holder-s113ff03d\" class=\"thz-section-holder section-notcontained none\" data-view-brightness=\"none\">\r\n\t<section class=\"thz-section\">\r\n\t\t<div class=\"thz-section-in\">\r\n\t\t\t\t\t<div class=\"thz-container content-contained thz-site-width\">\r\n\t\t\t\t<div class=\"thz-row\">\r\n\t<div id=\"thz-column-c91281f8a\" class=\"thz-column thz-col-1 fstart\">\r\n\t<div class=\"thz-column-container\">\r\n        <div class=\"thz-column-in\">\r\n                        <div class=\"thz-column-shortcodes\">\t\r\n                <div class=\"thz-row\">\r\n\t<div id=\"thz-column-c633c8752\" class=\"thz-column thz-col-1 fstart\">\r\n\t<div class=\"thz-column-container\">\r\n        <div class=\"thz-column-in\">\r\n                        <div class=\"thz-column-shortcodes\">\t\r\n                <div id=\"thz-sh-9a8f31d2\" class=\"thz-shc thz-heading thz-sh-9a8f31d2 thz-sh-plain thz-sh-pos-both\">\r\n\t<div class=\"thz-heading-holder\">\r\n\t\t\t\t\t\t\t<\/div>\r\n<\/div><div id=\"thz-text-block-45caa991\" class=\"thz-shc thz-text-block\"><p>Durch die Modularit\u00e4t wird jede K\u00fcche an Ihre individuellen Bed\u00fcrfnisse angepasst. Ob Sie eine offene K\u00fcche oder eine K\u00fcche mit mehr Stauraum, Schubladen und T\u00fcren w\u00fcnschen. Alle Konfigurationen sind m\u00f6glich, wir bieten auch verschiedene Arten von Grills, einen K\u00fchlschrank und Sp\u00fcle mit Wasserhahn. Wir bieten eine gro\u00dfe Auswahl an Arbeitsplatten an, die auch f\u00fcr den Au\u00dfenbereich geeignet sind. Lesen Sie mehr \u00fcber die <a href=\"https:\/\/www.haave-outdoor.com\/de\/materialien\/\"><strong>Materialien<\/strong> <\/a>wir verwenden und die <a href=\"https:\/\/www.haave-outdoor.com\/de\/elemente\/\"><strong>Elemente<\/strong> <\/a>unserer Outdoor-K\u00fcchen.<\/p><\/div><div class=\"thz-btn-container thz-mt-20 thz-btn-3d\"><a class=\"thz-button thz-btn-theme thz-btn-normal thz-radius-4 thz-align-center\" href=\"https:\/\/www.haave-outdoor.com\/de\/materialien\/\"><span class=\"thz-btn-text thz-fs-14 thz-fw-400\">Materialien<\/span><span class=\"thz-btn-3d-line\"><\/span><\/a><\/div><div class=\"thz-btn-container thz-mt-20 thz-ml-20 thz-btn-3d\"><a class=\"thz-button thz-btn-theme thz-btn-normal thz-radius-4 thz-align-center\" href=\"https:\/\/www.haave-outdoor.com\/de\/elemente\/\"><span class=\"thz-btn-text thz-fs-14 thz-fw-400\">Elemente<\/span><span class=\"thz-btn-3d-line\"><\/span><\/a><\/div><div id=\"thz-media-gallery-e340d0fd\" class=\"thz-shc thz-media-holder thz-items-grid-holder thz-grid-has-col-2 thz-media-grid-isotope thz-is-isotope  thz-media-mode-thzhover\">\r\n\t    \r\n\t     \r\n\t<div id=\"thz-media-gallery-e340d0fd-inner\" class=\"thz-items-grid thz-media-gallery-grid  thz-grid-noresponse thz-lightbox-gallery-simple thz-mfp-show-slider\" data-isotope-mode=\"packery\" data-layout-type=\"thz-ratio-1-1\" data-display-mode=\"thzhover\" data-minwidth=\"230\">\r\n\t\t        <div class=\"thz-items-sizer\"><\/div>\r\n        \t\t\t\t\t\t<div class=\"thz-grid-item\" data-type=\"image\">\r\n\t\t\t<div class=\"thz-grid-item-in thz-media-item\">\r\n            \t<div class=\"thz-media-item-media\">\r\n                    <div class=\"thz-media-item-ratio thz-aspect thz-ratio-1-1\">\r\n                        <div class=\"thz-ratio-in\">\r\n                                <div class=\"thz-hover thz-hover-img-mask thz-hover-bg-gradient thz-hover-fadein thz-img-zoomin thz-transease-04\" style=\"background-image:url(https:\/\/www.haave-outdoor.com\/wp-content\/uploads\/2020\/09\/RSF1496-haave-HR-1-1200x1798.jpg);\">\t\t\t\t\t\t\t\t\t\t\t\t\t\t\t\t\t\t\t\t\t \t\t\t\t\t\t\t\t                                                                <div class=\"thz-hover-mask thz-transease-04\">\r\n                                    <div class=\"thz-hover-mask-table\">\r\n                                                                        <a class=\"thz-hover-link thz-lightbox mfp-image\" href=\"#\" data-bg=\"mfp-dark\" data-opacity=\"mfp-opacity-08\" data-effect=\"mfp-zoom-in\" data-mfp-src=\"https:\/\/www.haave-outdoor.com\/wp-content\/uploads\/2020\/09\/RSF1496-haave-HR-1-scaled.jpg\" data-mfp-title=\"_RSF1496 haave HR - 1\"><\/a>                                                                                <div class=\"thz-hover-icons  thz-comein-bottom thz-transease-05\">\r\n                                            <div class=\"thz-hover-icon square thz-fs-16 thz-vp-10 thz-hp-10\">\r\n                                                <span class=\"thzicon thzicon-plus\"><\/span>\r\n                                            <\/div>\r\n                                        <\/div>\r\n                                                                            <\/div>\r\n                                <\/div>\r\n                            <\/div>\r\n                        <\/div>\r\n                    <\/div>\r\n                <\/div>\t\t\t<\/div>\r\n\t\t<\/div>\r\n\t\t\t\t\t\t\t\t\t\t\t\t\t\t\t\t\t\t\t\t\t\t\t\t<div class=\"thz-grid-item\" data-type=\"image\">\r\n\t\t\t<div class=\"thz-grid-item-in thz-media-item\">\r\n            \t<div class=\"thz-media-item-media\">\r\n                    <div class=\"thz-media-item-ratio thz-aspect thz-ratio-1-1\">\r\n                        <div class=\"thz-ratio-in\">\r\n                                <div class=\"thz-hover thz-hover-img-mask thz-hover-bg-gradient thz-hover-fadein thz-img-zoomin thz-transease-04\" style=\"background-image:url(https:\/\/www.haave-outdoor.com\/wp-content\/uploads\/2020\/09\/RSF1503-1200x1798.jpg);\">\t\t\t\t\t\t\t\t\t\t\t\t\t\t\t\t\t\t\t\t\t \t\t\t\t\t\t\t\t                                                                <div class=\"thz-hover-mask thz-transease-04\">\r\n                                    <div class=\"thz-hover-mask-table\">\r\n                                                                        <a class=\"thz-hover-link thz-lightbox mfp-image\" href=\"#\" data-bg=\"mfp-dark\" data-opacity=\"mfp-opacity-08\" data-effect=\"mfp-zoom-in\" data-mfp-src=\"https:\/\/www.haave-outdoor.com\/wp-content\/uploads\/2020\/09\/RSF1503-scaled.jpg\" data-mfp-title=\"_RSF1503\"><\/a>                                                                                <div class=\"thz-hover-icons  thz-comein-bottom thz-transease-05\">\r\n                                            <div class=\"thz-hover-icon square thz-fs-16 thz-vp-10 thz-hp-10\">\r\n                                                <span class=\"thzicon thzicon-plus\"><\/span>\r\n                                            <\/div>\r\n                                        <\/div>\r\n                                                                            <\/div>\r\n                                <\/div>\r\n                            <\/div>\r\n                        <\/div>\r\n                    <\/div>\r\n                <\/div>\t\t\t<\/div>\r\n\t\t<\/div>\r\n\t\t\t\t\t\t\t\t\t\t\t\t\t\t\t\t\t\t\t\t\t\t\t\t<div class=\"thz-grid-item\" data-type=\"image\">\r\n\t\t\t<div class=\"thz-grid-item-in thz-media-item\">\r\n            \t<div class=\"thz-media-item-media\">\r\n                    <div class=\"thz-media-item-ratio thz-aspect thz-ratio-1-1\">\r\n                        <div class=\"thz-ratio-in\">\r\n                                <div class=\"thz-hover thz-hover-img-mask thz-hover-bg-gradient thz-hover-fadein thz-img-zoomin thz-transease-04\" style=\"background-image:url(https:\/\/www.haave-outdoor.com\/wp-content\/uploads\/2020\/09\/FSS7790-details-oudolf-1-1200x801.jpg);\">\t\t\t\t\t\t\t\t\t\t\t\t\t\t\t\t\t\t\t\t\t \t\t\t\t\t\t\t\t                                                                <div class=\"thz-hover-mask thz-transease-04\">\r\n                                    <div class=\"thz-hover-mask-table\">\r\n                                                                        <a class=\"thz-hover-link thz-lightbox mfp-image\" href=\"#\" data-bg=\"mfp-dark\" data-opacity=\"mfp-opacity-08\" data-effect=\"mfp-zoom-in\" data-mfp-src=\"https:\/\/www.haave-outdoor.com\/wp-content\/uploads\/2020\/09\/FSS7790-details-oudolf-1.jpg\" data-mfp-title=\"_FSS7790 details oudolf - 1\"><\/a>                                                                                <div class=\"thz-hover-icons  thz-comein-bottom thz-transease-05\">\r\n                                            <div class=\"thz-hover-icon square thz-fs-16 thz-vp-10 thz-hp-10\">\r\n                                                <span class=\"thzicon thzicon-plus\"><\/span>\r\n                                            <\/div>\r\n                                        <\/div>\r\n                                                                            <\/div>\r\n                                <\/div>\r\n                            <\/div>\r\n                        <\/div>\r\n                    <\/div>\r\n                <\/div>\t\t\t<\/div>\r\n\t\t<\/div>\r\n\t\t\t\t\t\t\t\t\t\t\t\t\t\t\t\t\t\t\t\t\t\t\t\t<div class=\"thz-grid-item\" data-type=\"image\">\r\n\t\t\t<div class=\"thz-grid-item-in thz-media-item\">\r\n            \t<div class=\"thz-media-item-media\">\r\n                    <div class=\"thz-media-item-ratio thz-aspect thz-ratio-1-1\">\r\n                        <div class=\"thz-ratio-in\">\r\n                                <div class=\"thz-hover thz-hover-img-mask thz-hover-bg-gradient thz-hover-fadein thz-img-zoomin thz-transease-04\" style=\"background-image:url(https:\/\/www.haave-outdoor.com\/wp-content\/uploads\/2020\/09\/RSF1739-grill-1-1200x1799.jpg);\">\t\t\t\t\t\t\t\t\t\t\t\t\t\t\t\t\t\t\t\t\t \t\t\t\t\t\t\t\t                                                                <div class=\"thz-hover-mask thz-transease-04\">\r\n                                    <div class=\"thz-hover-mask-table\">\r\n                                                                        <a class=\"thz-hover-link thz-lightbox mfp-image\" href=\"#\" data-bg=\"mfp-dark\" data-opacity=\"mfp-opacity-08\" data-effect=\"mfp-zoom-in\" data-mfp-src=\"https:\/\/www.haave-outdoor.com\/wp-content\/uploads\/2020\/09\/RSF1739-grill-1-scaled.jpg\" data-mfp-title=\"_RSF1739 grill\"><\/a>                                                                                <div class=\"thz-hover-icons  thz-comein-bottom thz-transease-05\">\r\n                                            <div class=\"thz-hover-icon square thz-fs-16 thz-vp-10 thz-hp-10\">\r\n                                                <span class=\"thzicon thzicon-plus\"><\/span>\r\n                                            <\/div>\r\n                                        <\/div>\r\n                                                                            <\/div>\r\n                                <\/div>\r\n                            <\/div>\r\n                        <\/div>\r\n                    <\/div>\r\n                <\/div>\t\t\t<\/div>\r\n\t\t<\/div>\r\n\t\t\t\t\t\t\t\t\t\t\t\t\t\t\t\t\t\t\t\t\t\t\t\t<div class=\"thz-grid-item\" data-type=\"image\">\r\n\t\t\t<div class=\"thz-grid-item-in thz-media-item\">\r\n            \t<div class=\"thz-media-item-media\">\r\n                    <div class=\"thz-media-item-ratio thz-aspect thz-ratio-1-1\">\r\n                        <div class=\"thz-ratio-in\">\r\n                                <div class=\"thz-hover thz-hover-img-mask thz-hover-bg-gradient thz-hover-fadein thz-img-zoomin thz-transease-04\" style=\"background-image:url(https:\/\/www.haave-outdoor.com\/wp-content\/uploads\/2020\/09\/RSF1722-1200x1798.jpg);\">\t\t\t\t\t\t\t\t\t\t\t\t\t\t\t\t\t\t\t\t\t \t\t\t\t\t\t\t\t                                                                <div class=\"thz-hover-mask thz-transease-04\">\r\n                                    <div class=\"thz-hover-mask-table\">\r\n                                                                        <a class=\"thz-hover-link thz-lightbox mfp-image\" href=\"#\" data-bg=\"mfp-dark\" data-opacity=\"mfp-opacity-08\" data-effect=\"mfp-zoom-in\" data-mfp-src=\"https:\/\/www.haave-outdoor.com\/wp-content\/uploads\/2020\/09\/RSF1722-scaled.jpg\" data-mfp-title=\"_RSF1722\"><\/a>                                                                                <div class=\"thz-hover-icons  thz-comein-bottom thz-transease-05\">\r\n                                            <div class=\"thz-hover-icon square thz-fs-16 thz-vp-10 thz-hp-10\">\r\n                                                <span class=\"thzicon thzicon-plus\"><\/span>\r\n                                            <\/div>\r\n                                        <\/div>\r\n                                                                            <\/div>\r\n                                <\/div>\r\n                            <\/div>\r\n                        <\/div>\r\n                    <\/div>\r\n                <\/div>\t\t\t<\/div>\r\n\t\t<\/div>\r\n\t\t\t\t\t\t\t\t\t\t\t\t\t\t\t\t\t\t\t\t\t\t\t\t<div class=\"thz-grid-item\" data-type=\"image\">\r\n\t\t\t<div class=\"thz-grid-item-in thz-media-item\">\r\n            \t<div class=\"thz-media-item-media\">\r\n                    <div class=\"thz-media-item-ratio thz-aspect thz-ratio-1-1\">\r\n                        <div class=\"thz-ratio-in\">\r\n                                <div class=\"thz-hover thz-hover-img-mask thz-hover-bg-gradient thz-hover-fadein thz-img-zoomin thz-transease-04\" style=\"background-image:url(https:\/\/www.haave-outdoor.com\/wp-content\/uploads\/2020\/09\/RSF1524-1200x1798.jpg);\">\t\t\t\t\t\t\t\t\t\t\t\t\t\t\t\t\t\t\t\t\t \t\t\t\t\t\t\t\t                                                                <div class=\"thz-hover-mask thz-transease-04\">\r\n                                    <div class=\"thz-hover-mask-table\">\r\n                                                                        <a class=\"thz-hover-link thz-lightbox mfp-image\" href=\"#\" data-bg=\"mfp-dark\" data-opacity=\"mfp-opacity-08\" data-effect=\"mfp-zoom-in\" data-mfp-src=\"https:\/\/www.haave-outdoor.com\/wp-content\/uploads\/2020\/09\/RSF1524-scaled.jpg\" data-mfp-title=\"_RSF1524\"><\/a>                                                                                <div class=\"thz-hover-icons  thz-comein-bottom thz-transease-05\">\r\n                                            <div class=\"thz-hover-icon square thz-fs-16 thz-vp-10 thz-hp-10\">\r\n                                                <span class=\"thzicon thzicon-plus\"><\/span>\r\n                                            <\/div>\r\n                                        <\/div>\r\n                                                                            <\/div>\r\n                                <\/div>\r\n                            <\/div>\r\n                        <\/div>\r\n                    <\/div>\r\n                <\/div>\t\t\t<\/div>\r\n\t\t<\/div>\r\n\t\t\t\t\t\t\t\t\t\t\t\t\t\t\t\t\t\t\t\t\t<\/div>\r\n\t    \t<div class=\"thz-items-gutter-adjust\"><\/div>\r\n    <\/div><div class=\"thz-btn-center-wrap\"><div class=\"thz-btn-container thz-mt-50 thz-mb-20 thz-btn-3d\"><a class=\"thz-button thz-btn-theme thz-btn-normal thz-radius-4 thz-align-center\" href=\"https:\/\/www.haave-outdoor.com\/de\/konfigurator\/\"><span class=\"thz-btn-text thz-fs-14 thz-fw-400\">Konfigurieren Sie Ihre Haave-K\u00fcche<\/span><span class=\"thz-btn-3d-line\"><\/span><\/a><\/div><\/div>            <\/div>\r\n                                            <\/div>\r\n    <\/div>\r\n<\/div><\/div>            <\/div>\r\n                                            <\/div>\r\n    <\/div>\r\n<\/div><\/div>\t\t\t<\/div>\r\n\t\t\t\t<\/div>\r\n\t\t\t\t<\/section>\r\n<\/div>\r\n<\/p>","protected":false},"excerpt":{"rendered":"<p>Durch die Modularit\u00e4t wird jede K\u00fcche an Ihre individuellen Bed\u00fcrfnisse angepasst. Ob Sie eine offene K\u00fcche oder eine K\u00fcche mit mehr Stauraum, Schubladen und T\u00fcren w\u00fcnschen. Alle Konfigurationen sind m\u00f6glich, wir bieten auch verschiedene Arten von Grills, einen K\u00fchlschrank und Sp\u00fcle mit Wasserhahn. Wir bieten eine gro\u00dfe Auswahl an Arbeitsplatten an, die f\u00fcr den Au\u00dfenbereich geeignet sind. Lesen Sie mehr \u00fcber die Materialien, die wir verwenden und die Elemente unserer Outdoor-K\u00fcchen.MaterialienElemente Konfigurieren Sie Ihre Haave-K\u00fcche<\/p>","protected":false},"author":1,"featured_media":0,"parent":0,"menu_order":0,"comment_status":"closed","ping_status":"closed","template":"template-parts\/page-builder.php","meta":{"inline_featured_image":false},"tags":[],"yoast_head":"<!-- This site is optimized with the Yoast SEO plugin v17.0 - https:\/\/yoast.com\/wordpress\/plugins\/seo\/ -->\n<title>Features - Haave<\/title>\n<meta name=\"robots\" content=\"index, follow, max-snippet:-1, max-image-preview:large, max-video-preview:-1\" \/>\n<link rel=\"canonical\" href=\"https:\/\/www.haave-outdoor.com\/de\/merkmale\/\" \/>\n<meta property=\"og:locale\" content=\"de_DE\" \/>\n<meta property=\"og:type\" content=\"article\" \/>\n<meta property=\"og:title\" content=\"Features - Haave\" \/>\n<meta property=\"og:description\" content=\"Due to the modularity every kitchen will be fitted to your own unique needs. Whether you like an open model kitchen or a kitchen with more storage space, drawers and door. All configurations are possible, we also provide different kinds of barbeques, a refrigerator and sink with water tap. Finishing with a wide range of countertops , suitable for outdoor usage. Read more about the materials we use and the elements of our outdoor kitchens.MaterialsElements Configure your Haave kitchen\" \/>\n<meta property=\"og:url\" content=\"https:\/\/www.haave-outdoor.com\/de\/merkmale\/\" \/>\n<meta property=\"og:site_name\" content=\"Haave\" \/>\n<meta property=\"article:modified_time\" content=\"2025-06-18T13:53:08+00:00\" \/>\n<meta name=\"twitter:card\" content=\"summary_large_image\" \/>\n<script type=\"application\/ld+json\" class=\"yoast-schema-graph\">{\"@context\":\"https:\/\/schema.org\",\"@graph\":[{\"@type\":\"WebSite\",\"@id\":\"https:\/\/www.haave-outdoor.com\/#website\",\"url\":\"https:\/\/www.haave-outdoor.com\/\",\"name\":\"Haave\",\"description\":\"Outdoor Kitchens\",\"potentialAction\":[{\"@type\":\"SearchAction\",\"target\":{\"@type\":\"EntryPoint\",\"urlTemplate\":\"https:\/\/www.haave-outdoor.com\/?s={search_term_string}\"},\"query-input\":\"required name=search_term_string\"}],\"inLanguage\":\"de\"},{\"@type\":\"WebPage\",\"@id\":\"https:\/\/www.haave-outdoor.com\/features\/#webpage\",\"url\":\"https:\/\/www.haave-outdoor.com\/features\/\",\"name\":\"Features - Haave\",\"isPartOf\":{\"@id\":\"https:\/\/www.haave-outdoor.com\/#website\"},\"datePublished\":\"2019-03-26T10:17:15+00:00\",\"dateModified\":\"2025-06-18T13:53:08+00:00\",\"breadcrumb\":{\"@id\":\"https:\/\/www.haave-outdoor.com\/features\/#breadcrumb\"},\"inLanguage\":\"de\",\"potentialAction\":[{\"@type\":\"ReadAction\",\"target\":[\"https:\/\/www.haave-outdoor.com\/features\/\"]}]},{\"@type\":\"BreadcrumbList\",\"@id\":\"https:\/\/www.haave-outdoor.com\/features\/#breadcrumb\",\"itemListElement\":[{\"@type\":\"ListItem\",\"position\":1,\"name\":\"Home\",\"item\":\"https:\/\/www.haave-outdoor.com\/\"},{\"@type\":\"ListItem\",\"position\":2,\"name\":\"Features\"}]}]}<\/script>\n<!-- \/ Yoast SEO plugin. -->","yoast_head_json":{"title":"Merkmale - Haave","robots":{"index":"index","follow":"follow","max-snippet":"max-snippet:-1","max-image-preview":"max-image-preview:large","max-video-preview":"max-video-preview:-1"},"canonical":"https:\/\/www.haave-outdoor.com\/de\/merkmale\/","og_locale":"de_DE","og_type":"article","og_title":"Features - Haave","og_description":"Due to the modularity every kitchen will be fitted to your own unique needs. Whether you like an open model kitchen or a kitchen with more storage space, drawers and door. All configurations are possible, we also provide different kinds of barbeques, a refrigerator and sink with water tap. Finishing with a wide range of countertops , suitable for outdoor usage. Read more about the materials we use and the elements of our outdoor kitchens.MaterialsElements Configure your Haave kitchen","og_url":"https:\/\/www.haave-outdoor.com\/de\/merkmale\/","og_site_name":"Haave","article_modified_time":"2025-06-18T13:53:08+00:00","twitter_card":"summary_large_image","schema":{"@context":"https:\/\/schema.org","@graph":[{"@type":"WebSite","@id":"https:\/\/www.haave-outdoor.com\/#website","url":"https:\/\/www.haave-outdoor.com\/","name":"Haave","description":"Outdoor-K\u00fcchen","potentialAction":[{"@type":"SearchAction","target":{"@type":"EntryPoint","urlTemplate":"https:\/\/www.haave-outdoor.com\/?s={search_term_string}"},"query-input":"required name=search_term_string"}],"inLanguage":"de"},{"@type":"WebPage","@id":"https:\/\/www.haave-outdoor.com\/features\/#webpage","url":"https:\/\/www.haave-outdoor.com\/features\/","name":"Merkmale - Haave","isPartOf":{"@id":"https:\/\/www.haave-outdoor.com\/#website"},"datePublished":"2019-03-26T10:17:15+00:00","dateModified":"2025-06-18T13:53:08+00:00","breadcrumb":{"@id":"https:\/\/www.haave-outdoor.com\/features\/#breadcrumb"},"inLanguage":"de","potentialAction":[{"@type":"ReadAction","target":["https:\/\/www.haave-outdoor.com\/features\/"]}]},{"@type":"BreadcrumbList","@id":"https:\/\/www.haave-outdoor.com\/features\/#breadcrumb","itemListElement":[{"@type":"ListItem","position":1,"name":"Home","item":"https:\/\/www.haave-outdoor.com\/"},{"@type":"ListItem","position":2,"name":"Features"}]}]}},"_links":{"self":[{"href":"https:\/\/www.haave-outdoor.com\/de\/wp-json\/wp\/v2\/pages\/244"}],"collection":[{"href":"https:\/\/www.haave-outdoor.com\/de\/wp-json\/wp\/v2\/pages"}],"about":[{"href":"https:\/\/www.haave-outdoor.com\/de\/wp-json\/wp\/v2\/types\/page"}],"author":[{"embeddable":true,"href":"https:\/\/www.haave-outdoor.com\/de\/wp-json\/wp\/v2\/users\/1"}],"replies":[{"embeddable":true,"href":"https:\/\/www.haave-outdoor.com\/de\/wp-json\/wp\/v2\/comments?post=244"}],"version-history":[{"count":40,"href":"https:\/\/www.haave-outdoor.com\/de\/wp-json\/wp\/v2\/pages\/244\/revisions"}],"predecessor-version":[{"id":1930,"href":"https:\/\/www.haave-outdoor.com\/de\/wp-json\/wp\/v2\/pages\/244\/revisions\/1930"}],"wp:attachment":[{"href":"https:\/\/www.haave-outdoor.com\/de\/wp-json\/wp\/v2\/media?parent=244"}],"wp:term":[{"taxonomy":"post_tag","embeddable":true,"href":"https:\/\/www.haave-outdoor.com\/de\/wp-json\/wp\/v2\/tags?post=244"}],"curies":[{"name":"wp","href":"https:\/\/api.w.org\/{rel}","templated":true}]}}