{"id":1422,"date":"2025-04-22T12:26:31","date_gmt":"2025-04-22T10:26:31","guid":{"rendered":"https:\/\/www.haave-outdoor.com\/?page_id=1422"},"modified":"2025-06-18T15:51:44","modified_gmt":"2025-06-18T13:51:44","slug":"uber-uns","status":"publish","type":"page","link":"https:\/\/www.haave-outdoor.com\/de\/about-us\/","title":{"rendered":"\u00dcber uns"},"content":{"rendered":"<p><div id=\"thz-section-holder-sb41947c5\" class=\"thz-section-holder section-notcontained none\" data-view-brightness=\"none\">\r\n\t<section class=\"thz-section\">\r\n\t\t<div class=\"thz-section-in\">\r\n\t\t\t\t<div class=\"thz-full-height\">\r\n\t\t\t<div class=\"thz-full-height-in thz-va-middle\">\r\n\t\t\t\t\t<div class=\"thz-container content-contained thz-site-width\">\r\n\t\t\t\t\t\t\t<\/div>\r\n\t\t\t\t\t<\/div>\r\n\t\t<\/div>\r\n\t\t\t\t<\/div>\r\n\t\t<div class=\"thz-bglayer-container\"><div id=\"thz-bglayer-de47b440\" class=\"thz-parallax thz-parallax-scroll thz-tablet-hidden thz-mobile-hidden\" data-thzplx-type=\"scroll\" data-thzplx-direction=\"down\" data-thzplx-velocity=\"3\" data-thzplx-size=\"default\" data-thzplx-scale=\"no\" data-thzplx-onmobile=\"0\"><\/div><div id=\"thz-bglayer-7fabaef3\" class=\"thz-parallax thz-parallax-scroll thz-desktop-hidden\" data-thzplx-type=\"scroll\" data-thzplx-direction=\"down\" data-thzplx-velocity=\"3\" data-thzplx-size=\"default\" data-thzplx-scale=\"no\" data-thzplx-onmobile=\"0\"><\/div><\/div>\t\t<\/section>\r\n<\/div>\r\n<div id=\"thz-section-holder-s113ff03d\" class=\"thz-section-holder section-notcontained none\" data-view-brightness=\"none\">\r\n\t<section class=\"thz-section\">\r\n\t\t<div class=\"thz-section-in\">\r\n\t\t\t\t\t<div class=\"thz-container content-contained thz-site-width\">\r\n\t\t\t\t<div class=\"thz-row\">\r\n\t<div id=\"thz-column-c91281f8a\" class=\"thz-column thz-col-1 fstart\">\r\n\t<div class=\"thz-column-container\">\r\n        <div class=\"thz-column-in\">\r\n                        <div class=\"thz-column-shortcodes\">\t\r\n                <div class=\"thz-row\">\r\n\t<div id=\"thz-column-c633c8752\" class=\"thz-column thz-col-1 fstart\">\r\n\t<div class=\"thz-column-container\">\r\n        <div class=\"thz-column-in\">\r\n                        <div class=\"thz-column-shortcodes\">\t\r\n                <div id=\"thz-sh-9a8f31d2\" class=\"thz-shc thz-heading thz-sh-9a8f31d2 thz-sh-plain thz-sh-pos-both\">\r\n\t<div class=\"thz-heading-holder\">\r\n\t\t\t\t<h1 class=\"thz-heading-title\">\u00dcber uns<\/h1>\t\t\t<\/div>\r\n<\/div><div id=\"thz-text-block-45caa991\" class=\"thz-shc thz-text-block\"><p>Wir sind Haave. Wir entwerfen und realisieren ma\u00dfgeschneiderte Au\u00dfenk\u00fcchen und vereinen das Fachwissen von G\u00e4rtnern, Architekten und Designern mit Wurzeln in Deutschland und den Niederlanden. Unsere qualifizierten Handwerker und unser aufgeschlossenes Team arbeiten mit den besten Lieferanten zusammen, um au\u00dfergew\u00f6hnliche Qualit\u00e4t zu liefern.<\/p><p>Haave ist eine Marke von <strong><a href=\"https:\/\/pronck.nl\/\" target=\"_blank\" rel=\"noopener\">Pronck<\/a><\/strong>. Pronck hat sich einen Ruf als Experte f\u00fcr Arbeitsplatten aus Beton und Terrazzo, einzigartige Kupferarmaturen und vieles mehr erworben, die Ihr Haus in ein wahres Schmuckst\u00fcck verwandeln.<span class=\"whitespace-nowrap\">. Die F\u00e4higkeiten von Haave im Bereich der Au\u00dfenk\u00fcche erg\u00e4nzen sich perfekt mit der Vision und der F\u00e4higkeit von Pronck, das beste Wohnerlebnis zu schaffen.\u00a0<\/span><\/p><\/div>            <\/div>\r\n                                            <\/div>\r\n    <\/div>\r\n<\/div><\/div><div class=\"thz-row\">\r\n\t<div id=\"thz-column-c27a6870a\" class=\"thz-column thz-col-1 fstart\">\r\n\t<div class=\"thz-column-container\">\r\n        <div class=\"thz-column-in\">\r\n                        <div class=\"thz-column-shortcodes\">\t\r\n                <div id=\"thz-media-image-8e94e69e\" class=\"thz-shc thz-media-image-container thz-media-mode-none\"><div class=\"thz-media-item thz-media-item-image\"><div class=\"thz-media-image-ratio thz-aspect thz-ratio-16-9\"><div class=\"thz-ratio-in\"><div class=\"thz-hover thz-hover-img-mask\" style=\"background-image:url(https:\/\/www.haave-outdoor.com\/wp-content\/uploads\/2025\/04\/Haave-Buitenkeuken-Pronck-69-scaled.jpg);\"><\/div><\/div><\/div><\/div><\/div>            <\/div>\r\n                                            <\/div>\r\n    <\/div>\r\n<\/div><\/div><div class=\"thz-row\">\r\n\t<div id=\"thz-column-c125ab19e\" class=\"thz-column thz-col-1 fstart\">\r\n\t<div class=\"thz-column-container\">\r\n        <div class=\"thz-column-in\">\r\n                        <div class=\"thz-column-shortcodes\">\t\r\n                <div id=\"thz-sh-5cda89b4\" class=\"thz-shc thz-heading thz-sh-5cda89b4 thz-sh-plain thz-sh-pos-both\">\r\n\t<div class=\"thz-heading-holder\">\r\n\t\t\t\t<h2 class=\"thz-heading-title\">Die K\u00fcche ist der Ort der Begegnung.<\/h2>\t\t\t<\/div>\r\n<\/div><div id=\"thz-text-block-84476a51\" class=\"thz-shc thz-text-block\"><p>Denken Sie an Momente, in denen Sie auf einer Party waren und sich in der K\u00fcche aufgehalten und unterhalten haben. Eine K\u00fcche, der Ort, an dem das Essen zubereitet wird, hat etwas Besonderes an sich, das sie zu einem gro\u00dfartigen und gem\u00fctlichen Ort macht, an dem man sich gerne aufh\u00e4lt und mit anderen Menschen in Kontakt kommt. Wir bei Haave lieben das tolle Design und die Atmosph\u00e4re unserer K\u00fcchen. Aber was wir am meisten lieben, ist die Tatsache, dass unsere K\u00fcchen es den Menschen leicht machen, zusammenzukommen und Kontakte zu kn\u00fcpfen. Unsere K\u00fcchen bringen Sie nach drau\u00dfen, zusammen mit Freunden und Familie. Das ist es, was wir lieben! Und deshalb arbeiten wir so hart daran, die besten K\u00fcchen f\u00fcr Sie zu schaffen!<\/p><\/div>            <\/div>\r\n                                            <\/div>\r\n    <\/div>\r\n<\/div><\/div><div class=\"thz-row\">\r\n\t<div id=\"thz-column-ccd772e77\" class=\"thz-column thz-col-1-2 fstart\">\r\n\t<div class=\"thz-column-container\">\r\n        <div class=\"thz-column-in\">\r\n                        <div class=\"thz-column-shortcodes\">\t\r\n                <div id=\"thz-media-image-bdbd1ad8\" class=\"thz-shc thz-media-image-container thz-media-mode-none\"><div class=\"thz-media-item thz-media-item-image\"><div class=\"thz-media-image-ratio thz-aspect thz-ratio-1-1\"><div class=\"thz-ratio-in\"><div class=\"thz-hover thz-hover-img-mask\" style=\"background-image:url(https:\/\/www.haave-outdoor.com\/wp-content\/uploads\/2025\/04\/Haave-Buitenkeuken-Pronck-54-1200x1800.jpg);\"><\/div><\/div><\/div><\/div><\/div><div id=\"thz-text-block-a160b684\" class=\"thz-shc thz-text-block\"><p class=\"my-0\">F\u00fcr uns ist der Au\u00dfenbereich mehr als nur ein Ort - er ist der Ort, an dem wir uns mit Freunden und Familie treffen, gemeinsam Mahlzeiten zubereiten, kochen und genie\u00dfen und die langen Abende im Freien genie\u00dfen.<span class=\"whitespace-nowrap\">.<\/span>\u00a0Unsere Mission ist es, diese Momente zu unterst\u00fctzen und zu verbessern, indem wir modulare Au\u00dfenk\u00fcchensysteme anbieten, die sowohl in hohem Ma\u00dfe anpassbar sind als auch in<a href=\"https:\/\/www.haave-outdoor.com\/de\/materialien\/\"><strong> hochwertige Materialien<span class=\"whitespace-nowrap\">.<\/span><\/strong><\/a> Ob Sie nun offene Module oder zus\u00e4tzlichen Stauraum, Schubladen, T\u00fcren, eingebaute Grills, K\u00fchlschr\u00e4nke oder Sp\u00fclbecken w\u00fcnschen, wir passen jedes Detail an Ihre Bed\u00fcrfnisse an.<\/p><\/div>            <\/div>\r\n                                            <\/div>\r\n    <\/div>\r\n<\/div><div id=\"thz-column-cb11e00ee\" class=\"thz-column thz-col-1-2 fstart\">\r\n\t<div class=\"thz-column-container\">\r\n        <div class=\"thz-column-in\">\r\n                        <div class=\"thz-column-shortcodes\">\t\r\n                <div id=\"thz-media-image-2169bdab\" class=\"thz-shc thz-media-image-container thz-media-mode-none\"><div class=\"thz-media-item thz-media-item-image\"><div class=\"thz-media-image-ratio thz-aspect thz-ratio-1-1\"><div class=\"thz-ratio-in\"><div class=\"thz-hover thz-hover-img-mask\" style=\"background-image:url(https:\/\/www.haave-outdoor.com\/wp-content\/uploads\/2025\/04\/Haave-Buitenkeuken-Pronck-57-1200x800.jpg);\"><\/div><\/div><\/div><\/div><\/div><div id=\"thz-text-block-dc092b71\" class=\"thz-shc thz-text-block\"><p class=\"my-0\">Wir verwenden robuste Materialien wie Aluminiumrohre mit dauerhafter Pulverbeschichtung zum Schutz vor Witterungseinfl\u00fcssen, Edelstahl f\u00fcr stark beanspruchte Bereiche und verrottungsfestes Accoya-Holz, das ohne zus\u00e4tzliche Behandlung jahrzehntelang h\u00e4lt.<span class=\"whitespace-nowrap\">.<\/span> Jede Haave-K\u00fcche ist so gebaut, dass sie den Witterungseinfl\u00fcssen standh\u00e4lt und gleichzeitig ihre Sch\u00f6nheit und Funktionalit\u00e4t bewahrt.<\/p><p>Wir bei Haave glauben daran, die W\u00e4rme und den Komfort Ihres Wohnzimmers in Ihren Garten zu bringen, damit Sie das ganze Jahr \u00fcber das Leben im Freien genie\u00dfen k\u00f6nnen. Unsere Leidenschaft gilt der Qualit\u00e4t, der Handwerkskunst und der Schaffung von R\u00e4umen, in denen Sie sich mit den Menschen treffen k\u00f6nnen, die Ihnen am wichtigsten sind.<\/p><\/div>            <\/div>\r\n                                            <\/div>\r\n    <\/div>\r\n<\/div><\/div><div class=\"thz-row\">\r\n\t<div id=\"thz-column-c11f2173d\" class=\"thz-column thz-col-1 fstart\">\r\n\t<div class=\"thz-column-container\">\r\n        <div class=\"thz-column-in\">\r\n                        <div class=\"thz-column-shortcodes\">\t\r\n                <div class=\"thz-btn-center-wrap\"><div class=\"thz-btn-container thz-mb-50 thz-btn-3d\"><a class=\"thz-button thz-btn-theme thz-btn-normal thz-radius-4 thz-align-center\" href=\"https:\/\/www.haave-outdoor.com\/de\/konfigurator\/\"><span class=\"thz-btn-text thz-fs-14 thz-fw-400\">Konfigurieren Sie Ihre Haave-K\u00fcche<\/span><span class=\"thz-btn-3d-line\"><\/span><\/a><\/div><\/div>            <\/div>\r\n                                            <\/div>\r\n    <\/div>\r\n<\/div><\/div>            <\/div>\r\n                                            <\/div>\r\n    <\/div>\r\n<\/div><\/div>\t\t\t<\/div>\r\n\t\t\t\t<\/div>\r\n\t\t\t\t<\/section>\r\n<\/div>\r\n<\/p>","protected":false},"excerpt":{"rendered":"<p>About us We are Haave. We design and create tailor-made outdoor kitchens, bringing together the expertise of gardeners, architects, and designers with roots in Germany and the Netherlands. Our skilled craftsmen and open-minded team work with the best suppliers to deliver exceptional quality.Haave is a brand of Pronck. Pronck has built a reputation of expertise in concrete and terrazzo counter tops, unique\u00a0 custom copper taps, and more that transform your home into a true showpiece. The outdoor kitchen skills of Haave perfectly complement with Pronck&#8217;s vision and capability to create the best living experience.\u00a0 The kitchen is the place to meet. Think of moments when you were at a party and you found yourself at the kitchen hanging around, talking. There&#8217;s something special about a kitchen, the place where food is made, that makes it a great and cozy place to hang around and connect with people. We at Haave love the great design and atmosphere of our kitchens. But something we love the most is how our kitchens make it easy for people to come together and connect. Our kitchens bring you outside, together with friends and family. That&#8217;s what we love! And that&#8217;s why we work so hard [&hellip;]<\/p>\n","protected":false},"author":4,"featured_media":0,"parent":0,"menu_order":0,"comment_status":"closed","ping_status":"closed","template":"template-parts\/page-builder.php","meta":{"inline_featured_image":false},"tags":[],"yoast_head":"<!-- This site is optimized with the Yoast SEO plugin v17.0 - https:\/\/yoast.com\/wordpress\/plugins\/seo\/ -->\n<title>About us - Haave<\/title>\n<meta name=\"robots\" content=\"index, follow, max-snippet:-1, max-image-preview:large, max-video-preview:-1\" \/>\n<link rel=\"canonical\" href=\"https:\/\/www.haave-outdoor.com\/de\/uber-uns\/\" \/>\n<meta property=\"og:locale\" content=\"de_DE\" \/>\n<meta property=\"og:type\" content=\"article\" \/>\n<meta property=\"og:title\" content=\"About us - Haave\" \/>\n<meta property=\"og:description\" content=\"About us We are Haave. We design and create tailor-made outdoor kitchens, bringing together the expertise of gardeners, architects, and designers with roots in Germany and the Netherlands. Our skilled craftsmen and open-minded team work with the best suppliers to deliver exceptional quality.Haave is a brand of Pronck. Pronck has built a reputation of expertise in concrete and terrazzo counter tops, unique\u00a0 custom copper taps, and more that transform your home into a true showpiece. The outdoor kitchen skills of Haave perfectly complement with Pronck&#039;s vision and capability to create the best living experience.\u00a0 The kitchen is the place to meet. Think of moments when you were at a party and you found yourself at the kitchen hanging around, talking. There&#039;s something special about a kitchen, the place where food is made, that makes it a great and cozy place to hang around and connect with people. We at Haave love the great design and atmosphere of our kitchens. But something we love the most is how our kitchens make it easy for people to come together and connect. Our kitchens bring you outside, together with friends and family. That&#039;s what we love! And that&#039;s why we work so hard [&hellip;]\" \/>\n<meta property=\"og:url\" content=\"https:\/\/www.haave-outdoor.com\/de\/uber-uns\/\" \/>\n<meta property=\"og:site_name\" content=\"Haave\" \/>\n<meta property=\"article:modified_time\" content=\"2025-06-18T13:51:44+00:00\" \/>\n<meta name=\"twitter:card\" content=\"summary_large_image\" \/>\n<meta name=\"twitter:label1\" content=\"Gesch\u00e4tzte Lesezeit\" \/>\n\t<meta name=\"twitter:data1\" content=\"2\u00a0Minuten\" \/>\n<script type=\"application\/ld+json\" class=\"yoast-schema-graph\">{\"@context\":\"https:\/\/schema.org\",\"@graph\":[{\"@type\":\"WebSite\",\"@id\":\"https:\/\/www.haave-outdoor.com\/#website\",\"url\":\"https:\/\/www.haave-outdoor.com\/\",\"name\":\"Haave\",\"description\":\"Outdoor Kitchens\",\"potentialAction\":[{\"@type\":\"SearchAction\",\"target\":{\"@type\":\"EntryPoint\",\"urlTemplate\":\"https:\/\/www.haave-outdoor.com\/?s={search_term_string}\"},\"query-input\":\"required name=search_term_string\"}],\"inLanguage\":\"de\"},{\"@type\":\"WebPage\",\"@id\":\"https:\/\/www.haave-outdoor.com\/about-us\/#webpage\",\"url\":\"https:\/\/www.haave-outdoor.com\/about-us\/\",\"name\":\"About us - Haave\",\"isPartOf\":{\"@id\":\"https:\/\/www.haave-outdoor.com\/#website\"},\"datePublished\":\"2025-04-22T10:26:31+00:00\",\"dateModified\":\"2025-06-18T13:51:44+00:00\",\"breadcrumb\":{\"@id\":\"https:\/\/www.haave-outdoor.com\/about-us\/#breadcrumb\"},\"inLanguage\":\"de\",\"potentialAction\":[{\"@type\":\"ReadAction\",\"target\":[\"https:\/\/www.haave-outdoor.com\/about-us\/\"]}]},{\"@type\":\"BreadcrumbList\",\"@id\":\"https:\/\/www.haave-outdoor.com\/about-us\/#breadcrumb\",\"itemListElement\":[{\"@type\":\"ListItem\",\"position\":1,\"name\":\"Home\",\"item\":\"https:\/\/www.haave-outdoor.com\/\"},{\"@type\":\"ListItem\",\"position\":2,\"name\":\"About us\"}]}]}<\/script>\n<!-- \/ Yoast SEO plugin. -->","yoast_head_json":{"title":"\u00dcber uns - Haave","robots":{"index":"index","follow":"follow","max-snippet":"max-snippet:-1","max-image-preview":"max-image-preview:large","max-video-preview":"max-video-preview:-1"},"canonical":"https:\/\/www.haave-outdoor.com\/de\/uber-uns\/","og_locale":"de_DE","og_type":"article","og_title":"About us - Haave","og_description":"About us We are Haave. We design and create tailor-made outdoor kitchens, bringing together the expertise of gardeners, architects, and designers with roots in Germany and the Netherlands. Our skilled craftsmen and open-minded team work with the best suppliers to deliver exceptional quality.Haave is a brand of Pronck. Pronck has built a reputation of expertise in concrete and terrazzo counter tops, unique\u00a0 custom copper taps, and more that transform your home into a true showpiece. The outdoor kitchen skills of Haave perfectly complement with Pronck's vision and capability to create the best living experience.\u00a0 The kitchen is the place to meet. Think of moments when you were at a party and you found yourself at the kitchen hanging around, talking. There's something special about a kitchen, the place where food is made, that makes it a great and cozy place to hang around and connect with people. We at Haave love the great design and atmosphere of our kitchens. But something we love the most is how our kitchens make it easy for people to come together and connect. Our kitchens bring you outside, together with friends and family. That's what we love! And that's why we work so hard [&hellip;]","og_url":"https:\/\/www.haave-outdoor.com\/de\/uber-uns\/","og_site_name":"Haave","article_modified_time":"2025-06-18T13:51:44+00:00","twitter_card":"summary_large_image","twitter_misc":{"Gesch\u00e4tzte Lesezeit":"2\u00a0Minuten"},"schema":{"@context":"https:\/\/schema.org","@graph":[{"@type":"WebSite","@id":"https:\/\/www.haave-outdoor.com\/#website","url":"https:\/\/www.haave-outdoor.com\/","name":"Haave","description":"Outdoor-K\u00fcchen","potentialAction":[{"@type":"SearchAction","target":{"@type":"EntryPoint","urlTemplate":"https:\/\/www.haave-outdoor.com\/?s={search_term_string}"},"query-input":"required name=search_term_string"}],"inLanguage":"de"},{"@type":"WebPage","@id":"https:\/\/www.haave-outdoor.com\/about-us\/#webpage","url":"https:\/\/www.haave-outdoor.com\/about-us\/","name":"\u00dcber uns - Haave","isPartOf":{"@id":"https:\/\/www.haave-outdoor.com\/#website"},"datePublished":"2025-04-22T10:26:31+00:00","dateModified":"2025-06-18T13:51:44+00:00","breadcrumb":{"@id":"https:\/\/www.haave-outdoor.com\/about-us\/#breadcrumb"},"inLanguage":"de","potentialAction":[{"@type":"ReadAction","target":["https:\/\/www.haave-outdoor.com\/about-us\/"]}]},{"@type":"BreadcrumbList","@id":"https:\/\/www.haave-outdoor.com\/about-us\/#breadcrumb","itemListElement":[{"@type":"ListItem","position":1,"name":"Home","item":"https:\/\/www.haave-outdoor.com\/"},{"@type":"ListItem","position":2,"name":"About us"}]}]}},"_links":{"self":[{"href":"https:\/\/www.haave-outdoor.com\/de\/wp-json\/wp\/v2\/pages\/1422"}],"collection":[{"href":"https:\/\/www.haave-outdoor.com\/de\/wp-json\/wp\/v2\/pages"}],"about":[{"href":"https:\/\/www.haave-outdoor.com\/de\/wp-json\/wp\/v2\/types\/page"}],"author":[{"embeddable":true,"href":"https:\/\/www.haave-outdoor.com\/de\/wp-json\/wp\/v2\/users\/4"}],"replies":[{"embeddable":true,"href":"https:\/\/www.haave-outdoor.com\/de\/wp-json\/wp\/v2\/comments?post=1422"}],"version-history":[{"count":21,"href":"https:\/\/www.haave-outdoor.com\/de\/wp-json\/wp\/v2\/pages\/1422\/revisions"}],"predecessor-version":[{"id":1928,"href":"https:\/\/www.haave-outdoor.com\/de\/wp-json\/wp\/v2\/pages\/1422\/revisions\/1928"}],"wp:attachment":[{"href":"https:\/\/www.haave-outdoor.com\/de\/wp-json\/wp\/v2\/media?parent=1422"}],"wp:term":[{"taxonomy":"post_tag","embeddable":true,"href":"https:\/\/www.haave-outdoor.com\/de\/wp-json\/wp\/v2\/tags?post=1422"}],"curies":[{"name":"wp","href":"https:\/\/api.w.org\/{rel}","templated":true}]}}