{"id":129,"date":"2019-03-11T16:22:07","date_gmt":"2019-03-11T15:22:07","guid":{"rendered":"https:\/\/www.haave-outdoor.com\/?page_id=129"},"modified":"2025-06-04T13:53:54","modified_gmt":"2025-06-04T11:53:54","slug":"kontakt","status":"publish","type":"page","link":"https:\/\/www.haave-outdoor.com\/de\/contact\/","title":{"rendered":"Kontakt"},"content":{"rendered":"<p><div id=\"thz-section-holder-sb41947c5\" class=\"thz-section-holder section-notcontained none\" data-view-brightness=\"none\">\r\n\t<section class=\"thz-section\">\r\n\t\t<div class=\"thz-section-in\">\r\n\t\t\t\t<div class=\"thz-full-height\">\r\n\t\t\t<div class=\"thz-full-height-in thz-va-middle\">\r\n\t\t\t\t\t<div class=\"thz-container content-contained thz-site-width\">\r\n\t\t\t\t\t\t\t<\/div>\r\n\t\t\t\t\t<\/div>\r\n\t\t<\/div>\r\n\t\t\t\t<\/div>\r\n\t\t<div class=\"thz-bglayer-container\"><div id=\"thz-bglayer-de47b440\" class=\"thz-parallax thz-parallax-scroll thz-tablet-hidden thz-mobile-hidden\" data-thzplx-type=\"scroll\" data-thzplx-direction=\"down\" data-thzplx-velocity=\"3\" data-thzplx-size=\"default\" data-thzplx-scale=\"no\" data-thzplx-onmobile=\"0\"><\/div><div id=\"thz-bglayer-08623109\" class=\"thz-parallax thz-parallax-scroll thz-desktop-hidden\" data-thzplx-type=\"scroll\" data-thzplx-direction=\"down\" data-thzplx-velocity=\"3\" data-thzplx-size=\"default\" data-thzplx-scale=\"no\" data-thzplx-onmobile=\"0\"><\/div><\/div>\t\t<\/section>\r\n<\/div>\r\n<div id=\"thz-section-holder-s113ff03d\" class=\"thz-section-holder section-notcontained none\" data-view-brightness=\"none\">\r\n\t<section class=\"thz-section\">\r\n\t\t<div class=\"thz-section-in\">\r\n\t\t\t\t\t<div class=\"thz-container content-contained thz-site-width\">\r\n\t\t\t\t<div class=\"thz-row\">\r\n\t<div id=\"thz-column-c91281f8a\" class=\"thz-column thz-col-1 fstart\">\r\n\t<div class=\"thz-column-container\">\r\n        <div class=\"thz-column-in\">\r\n                        <div class=\"thz-column-shortcodes\">\t\r\n                <div class=\"thz-row\">\r\n\t<div id=\"thz-column-c633c8752\" class=\"thz-column thz-col-1 fstart\">\r\n\t<div class=\"thz-column-container\">\r\n        <div class=\"thz-column-in\">\r\n                        <div class=\"thz-column-shortcodes\">\t\r\n                <div id=\"thz-sh-9a8f31d2\" class=\"thz-shc thz-heading thz-sh-9a8f31d2 thz-sh-plain thz-sh-pos-both\">\r\n\t<div class=\"thz-heading-holder\">\r\n\t\t\t\t\t\t\t<\/div>\r\n<\/div><div id=\"thz-text-block-45caa991\" class=\"thz-shc thz-text-block\"><p>Wenn Sie Fragen haben oder weitere Informationen ben\u00f6tigen, k\u00f6nnen Sie sich gerne an uns wenden - wir sind f\u00fcr Sie da.<\/p><\/div>            <\/div>\r\n                                            <\/div>\r\n    <\/div>\r\n<\/div><\/div><div class=\"thz-row\">\r\n\t<div id=\"thz-column-ca490dbe6\" class=\"thz-column thz-col-1-2 fstart\">\r\n\t<div class=\"thz-column-container\">\r\n        <div class=\"thz-column-in\">\r\n                        <div class=\"thz-column-shortcodes\">\t\r\n                <div id=\"thz-parse-shortcode-block-88e5a549\" class=\"thz-shc thz-parse-shortcode-block gravityform\"><!DOCTYPE html><html><head><meta charset='UTF-8' \/><\/head><body class='GF_AJAX_POSTBACK'><p class=\"gform_not_found\">Oops! Wir konnten dein Formular nicht lokalisieren.<\/p><\/body><\/html><\/div>            <\/div>\r\n                                            <\/div>\r\n    <\/div>\r\n<\/div><div id=\"thz-column-c80bd52a7\" class=\"thz-column thz-col-1-2 fstart\">\r\n\t<div class=\"thz-column-container\">\r\n        <div class=\"thz-column-in\">\r\n                        <div class=\"thz-column-shortcodes\">\t\r\n                <div id=\"thz-sh-0bceb3f7\" class=\"thz-shc thz-heading thz-sh-0bceb3f7 thz-sh-plain thz-sh-pos-both\">\r\n\t<div class=\"thz-heading-holder\">\r\n\t\t\t\t<h2 class=\"thz-heading-title\">Informationen<\/h2>\t\t\t<\/div>\r\n<\/div><div id=\"thz-text-block-5628349b\" class=\"thz-shc thz-text-block\"><p>Haave Outdoor-K\u00fcchen<br \/>ist Teil von <strong><a href=\"https:\/\/pronck.nl\/\" target=\"_blank\" rel=\"noopener\">Pronck<\/a><\/strong><\/p><p>Westkadijk 8, 3861 MB Nijkerk, Niederlande<br \/>haave-outdoor.com<br \/><a href=\"mailto:info@haave-outdoor.com\">info@haave-outdoor.com<\/a><br \/><a href=\"tel: +31 33 246 1314\">+31 33 246 1314<\/a><\/p><p>Kvk 61774839<br \/>BTW NL854482702B01<\/p><p>\u00d6ffnungszeiten:<br \/>Montag: 8:00 bis 17:00<br \/>Dienstag: 8:00 bis 17:00<br \/>Mittwoch: 8:00 bis 17:00<br \/>Donnerstag: 8:00 bis 17:00<br \/>Freitag: 8:00 bis 17:00<br \/>Samstag: 9:00 bis 16:00<br \/>Sonntag: Geschlossen<\/p><\/div>            <\/div>\r\n                                            <\/div>\r\n    <\/div>\r\n<\/div><\/div>            <\/div>\r\n                                            <\/div>\r\n    <\/div>\r\n<\/div><\/div>\t\t\t<\/div>\r\n\t\t\t\t<\/div>\r\n\t\t\t\t<\/section>\r\n<\/div>\r\n<\/p>","protected":false},"excerpt":{"rendered":"<p>If you have any questions or need further information, feel free to reach out to us \u2014 we&#8217;re here to help. Oops! Wir konnten dein Formular nicht lokalisieren. Information Haave Outdoor Kitchensis part of PronckWestkadijk 8, 3861 MB Nijkerk, Netherlandshaave-outdoor.cominfo@haave-outdoor.com+31 33 246 1314Kvk 61774839BTW NL854482702B01Opening hours:Monday: 8:00 tot 17:00Tuesday: 8:00 tot 17:00Wednesday: 8:00 tot 17:00Thursday: 8:00 tot 17:00Friday: 8:00 tot 17:00Saturday: 9:00 tot 16:00Sunday: Closed<\/p>","protected":false},"author":1,"featured_media":0,"parent":0,"menu_order":0,"comment_status":"closed","ping_status":"closed","template":"template-parts\/page-builder.php","meta":{"inline_featured_image":false},"tags":[],"yoast_head":"<!-- This site is optimized with the Yoast SEO plugin v17.0 - https:\/\/yoast.com\/wordpress\/plugins\/seo\/ -->\n<title>Contact - Haave<\/title>\n<meta name=\"robots\" content=\"index, follow, max-snippet:-1, max-image-preview:large, max-video-preview:-1\" \/>\n<link rel=\"canonical\" href=\"https:\/\/www.haave-outdoor.com\/de\/kontakt\/\" \/>\n<meta property=\"og:locale\" content=\"de_DE\" \/>\n<meta property=\"og:type\" content=\"article\" \/>\n<meta property=\"og:title\" content=\"Contact - Haave\" \/>\n<meta property=\"og:description\" content=\"If you have any questions or need further information, feel free to reach out to us \u2014 we&#039;re here to help. Oops! Wir konnten dein Formular nicht lokalisieren. Information Haave Outdoor Kitchensis part of PronckWestkadijk 8, 3861 MB Nijkerk, Netherlandshaave-outdoor.cominfo@haave-outdoor.com+31 33 246 1314Kvk 61774839BTW NL854482702B01Opening hours:Monday: 8:00 tot 17:00Tuesday: 8:00 tot 17:00Wednesday: 8:00 tot 17:00Thursday: 8:00 tot 17:00Friday: 8:00 tot 17:00Saturday: 9:00 tot 16:00Sunday: Closed\" \/>\n<meta property=\"og:url\" content=\"https:\/\/www.haave-outdoor.com\/de\/kontakt\/\" \/>\n<meta property=\"og:site_name\" content=\"Haave\" \/>\n<meta property=\"article:modified_time\" content=\"2025-06-04T11:53:54+00:00\" \/>\n<meta name=\"twitter:card\" content=\"summary_large_image\" \/>\n<script type=\"application\/ld+json\" class=\"yoast-schema-graph\">{\"@context\":\"https:\/\/schema.org\",\"@graph\":[{\"@type\":\"WebSite\",\"@id\":\"https:\/\/www.haave-outdoor.com\/#website\",\"url\":\"https:\/\/www.haave-outdoor.com\/\",\"name\":\"Haave\",\"description\":\"Outdoor Kitchens\",\"potentialAction\":[{\"@type\":\"SearchAction\",\"target\":{\"@type\":\"EntryPoint\",\"urlTemplate\":\"https:\/\/www.haave-outdoor.com\/?s={search_term_string}\"},\"query-input\":\"required name=search_term_string\"}],\"inLanguage\":\"de\"},{\"@type\":\"WebPage\",\"@id\":\"https:\/\/www.haave-outdoor.com\/contact\/#webpage\",\"url\":\"https:\/\/www.haave-outdoor.com\/contact\/\",\"name\":\"Contact - Haave\",\"isPartOf\":{\"@id\":\"https:\/\/www.haave-outdoor.com\/#website\"},\"datePublished\":\"2019-03-11T15:22:07+00:00\",\"dateModified\":\"2025-06-04T11:53:54+00:00\",\"breadcrumb\":{\"@id\":\"https:\/\/www.haave-outdoor.com\/contact\/#breadcrumb\"},\"inLanguage\":\"de\",\"potentialAction\":[{\"@type\":\"ReadAction\",\"target\":[\"https:\/\/www.haave-outdoor.com\/contact\/\"]}]},{\"@type\":\"BreadcrumbList\",\"@id\":\"https:\/\/www.haave-outdoor.com\/contact\/#breadcrumb\",\"itemListElement\":[{\"@type\":\"ListItem\",\"position\":1,\"name\":\"Home\",\"item\":\"https:\/\/www.haave-outdoor.com\/\"},{\"@type\":\"ListItem\",\"position\":2,\"name\":\"Contact\"}]}]}<\/script>\n<!-- \/ Yoast SEO plugin. -->","yoast_head_json":{"title":"Kontakt - Haave","robots":{"index":"index","follow":"follow","max-snippet":"max-snippet:-1","max-image-preview":"max-image-preview:large","max-video-preview":"max-video-preview:-1"},"canonical":"https:\/\/www.haave-outdoor.com\/de\/kontakt\/","og_locale":"de_DE","og_type":"article","og_title":"Contact - Haave","og_description":"If you have any questions or need further information, feel free to reach out to us \u2014 we're here to help. Oops! Wir konnten dein Formular nicht lokalisieren. Information Haave Outdoor Kitchensis part of PronckWestkadijk 8, 3861 MB Nijkerk, Netherlandshaave-outdoor.cominfo@haave-outdoor.com+31 33 246 1314Kvk 61774839BTW NL854482702B01Opening hours:Monday: 8:00 tot 17:00Tuesday: 8:00 tot 17:00Wednesday: 8:00 tot 17:00Thursday: 8:00 tot 17:00Friday: 8:00 tot 17:00Saturday: 9:00 tot 16:00Sunday: Closed","og_url":"https:\/\/www.haave-outdoor.com\/de\/kontakt\/","og_site_name":"Haave","article_modified_time":"2025-06-04T11:53:54+00:00","twitter_card":"summary_large_image","schema":{"@context":"https:\/\/schema.org","@graph":[{"@type":"WebSite","@id":"https:\/\/www.haave-outdoor.com\/#website","url":"https:\/\/www.haave-outdoor.com\/","name":"Haave","description":"Outdoor-K\u00fcchen","potentialAction":[{"@type":"SearchAction","target":{"@type":"EntryPoint","urlTemplate":"https:\/\/www.haave-outdoor.com\/?s={search_term_string}"},"query-input":"required name=search_term_string"}],"inLanguage":"de"},{"@type":"WebPage","@id":"https:\/\/www.haave-outdoor.com\/contact\/#webpage","url":"https:\/\/www.haave-outdoor.com\/contact\/","name":"Kontakt - Haave","isPartOf":{"@id":"https:\/\/www.haave-outdoor.com\/#website"},"datePublished":"2019-03-11T15:22:07+00:00","dateModified":"2025-06-04T11:53:54+00:00","breadcrumb":{"@id":"https:\/\/www.haave-outdoor.com\/contact\/#breadcrumb"},"inLanguage":"de","potentialAction":[{"@type":"ReadAction","target":["https:\/\/www.haave-outdoor.com\/contact\/"]}]},{"@type":"BreadcrumbList","@id":"https:\/\/www.haave-outdoor.com\/contact\/#breadcrumb","itemListElement":[{"@type":"ListItem","position":1,"name":"Home","item":"https:\/\/www.haave-outdoor.com\/"},{"@type":"ListItem","position":2,"name":"Contact"}]}]}},"_links":{"self":[{"href":"https:\/\/www.haave-outdoor.com\/de\/wp-json\/wp\/v2\/pages\/129"}],"collection":[{"href":"https:\/\/www.haave-outdoor.com\/de\/wp-json\/wp\/v2\/pages"}],"about":[{"href":"https:\/\/www.haave-outdoor.com\/de\/wp-json\/wp\/v2\/types\/page"}],"author":[{"embeddable":true,"href":"https:\/\/www.haave-outdoor.com\/de\/wp-json\/wp\/v2\/users\/1"}],"replies":[{"embeddable":true,"href":"https:\/\/www.haave-outdoor.com\/de\/wp-json\/wp\/v2\/comments?post=129"}],"version-history":[{"count":44,"href":"https:\/\/www.haave-outdoor.com\/de\/wp-json\/wp\/v2\/pages\/129\/revisions"}],"predecessor-version":[{"id":1899,"href":"https:\/\/www.haave-outdoor.com\/de\/wp-json\/wp\/v2\/pages\/129\/revisions\/1899"}],"wp:attachment":[{"href":"https:\/\/www.haave-outdoor.com\/de\/wp-json\/wp\/v2\/media?parent=129"}],"wp:term":[{"taxonomy":"post_tag","embeddable":true,"href":"https:\/\/www.haave-outdoor.com\/de\/wp-json\/wp\/v2\/tags?post=129"}],"curies":[{"name":"wp","href":"https:\/\/api.w.org\/{rel}","templated":true}]}}